{"id":7,"date":"2018-05-24T14:51:56","date_gmt":"2018-05-24T14:51:56","guid":{"rendered":"http:\/\/verein.cvjm-sn.de\/?page_id=7"},"modified":"2020-08-17T13:59:45","modified_gmt":"2020-08-17T13:59:45","slug":"impressum","status":"publish","type":"page","link":"https:\/\/verein.cvjm-sn.de\/?page_id=7","title":{"rendered":"Impressum und Datenschutzerkl\u00e4rung"},"content":{"rendered":"<p>&gt;&gt;\u00a0<a href=\"https:\/\/verein.cvjm-sn.de\/?page_id=7#datenschutz\">Datenschutzerkl\u00e4rung<\/a><br \/>\n&gt;&gt;\u00a0<a href=\"https:\/\/huthaus.cvjm-sn.de\/?page_id=2313\">erg\u00e4nzende Datenschutzerkl\u00e4rung speziell f\u00fcr Huthausg\u00e4ste<\/a><\/p>\n<hr \/>\n<p><strong><span style=\"font-size: 1rem;\">Verantwortlich f\u00fcr den Inhalt dieser Internetseite ist der <\/span><strong style=\"font-size: 1rem;\">Vorstand<\/strong><span style=\"font-size: 1rem;\"> des<\/span><br \/>\nCVJM Schneeberg-Neust\u00e4dtel e. V.<\/strong><br \/>\nFundgrube Gesellschaft 3<br \/>\n08289 Schneeberg-Neust\u00e4dtel<\/p>\n<p>(V.i.S.d.P.: der Vorstand)<\/p>\n<p>Tel. (0 37 72) 2 18 15<\/p>\n<p>E-Mail: vorstand(at)cvjm-sn.de<\/p>\n<p>Vereinsregister-Nr. 20414<br \/>\nSteuer-Nr. 218\/141\/05668<br \/>\nGerichtsstand Chemnitz<\/p>\n<p>Inhaltlich Verantwortlicher gem\u00e4\u00df \u00a7 55 Abs. 2 RStV: der Vorstand<\/p>\n<p>Bankverbindung:<br \/>\nIBAN: DE38 870 540 00 38 47 60 54 60<br \/>\nBIC-SWIFT: WELADED1STB<br \/>\nErzgebirgssparkasse<\/p>\n<h3><strong>Haftungsausschlusss: <\/strong><\/h3>\n<p>Der Verfasser dieser Homepage und der ISP tragen keine Verantwortung f\u00fcr die Art, in der die hier und auf anderen Seiten dieser Homepage zur Verf\u00fcgung gestellten Informationen genutzt werden.<br \/>\nAlle Informationen, Daten und Angebote dieser Website wurden sorgf\u00e4ltig gepr\u00fcft und werden regelm\u00e4\u00dfig aktualisiert. Wir haben auf unserer Website Links zu anderen Seiten im Internet eingef\u00fcgt. F\u00fcr all diese Links gilt: Wir erkl\u00e4ren ausdr\u00fccklich, dass wir keinerlei Einfluss auf die Gestaltung und die Inhalte der gelinkten Seiten haben. Deshalb distanzieren wir uns hiermit ausdr\u00fccklich von allen Inhalten aller gelinkten Seiten auf unserer Website und machen uns deren Inhalte nicht zu eigen.<\/p>\n<h3><a name=\"datenschutz\"><\/a><strong>Datenschutz<\/strong><\/h3>\n<h3>Datenschutzerkl\u00e4rung:<\/h3>\n<p>Wir freuen uns \u00fcber Ihr Interesse an unserem Internetauftritt und an unserem Unternehmen. Wir legen gro\u00dfen Wert auf den Schutz Ihrer Daten und die Wahrung Ihrer Privatsph\u00e4re. Um zu gew\u00e4hrleisten, dass Sie \u00fcber die Erhebung und Verwendung personenbezogener Daten auf unseren Websites informiert sind, nehmen Sie bitte nachstehende Informationen zur Kenntnis.<\/p>\n<p>Verantwortlicher f\u00fcr die Verarbeitung Ihrer Kontakt-, Korrespondenz- und Kontodaten ist der Vorstand des CVJM Schneeberg-Neust\u00e4dtel e. V. vertreten durch Herr Marcel Sandig und Christian Thorenz.<\/p>\n<p>Durch den Besuch unserer Website k\u00f6nnen Informationen \u00fcber den Zugriff (Datum, Uhrzeit, betrachtete Seite) gespeichert werden. Diese Daten geh\u00f6ren nicht zu den personenbezogenen Daten, sondern sind anonymisiert. Sie werden ausschlie\u00dflich zu statistischen Zwecken ausgewertet. Die im Kontaktformular erhobenen Daten dienen ausschlie\u00dflich der internen Planung. Eine Weitergabe an Dritte, zu kommerziellen oder nichtkommerziellen Zwecken, findet nicht statt. Wir weisen ausdr\u00fccklich darauf hin, dass die Daten\u00fcbertragung im Internet (z.B. bei der Kommunikation per E-Mail) Sicherheitsl\u00fccken aufweist und nicht l\u00fcckenlos vor dem Zugriff durch Dritte gesch\u00fctzt werden kann. Die Verwendung der ver\u00f6ffentlichten Kontaktdaten zur gewerblichen Werbung ist ausdr\u00fccklich nicht erw\u00fcnscht, es sei denn, es wurde zuvor eine schriftliche Einwilligung erteilt oder es besteht bereits eine Gesch\u00e4ftsbeziehung. Der CVJM Schneeberg-Neust\u00e4dtel e. V. und alle auf dieser Website genannten Personen widersprechen hiermit jeder kommerziellen Verwendung und Weitergabe ihrer Daten.<br \/>\n(Quelle: Juraforum.de &#8211; Disclaimer)<\/p>\n<p>Da innerhalb des Internetangebotes die M\u00f6glichkeit zur Eingabe pers\u00f6nlicher Daten (E-mailadressen, Namen, Anschriften) besteht, erfolgt die Preisgabe dieser Daten seitens des Nutzers auf ausdr\u00fccklich freiwilliger Basis. Die Inanspruchnahme und Bezahlung aller Angebote ist auch ohne Angabe solcher Daten m\u00f6glich.<\/p>\n<p>Wir erheben, speichern und verarbeiten Ihre Daten nur, soweit dies f\u00fcr die Abwicklung von Anfragen oder Auftr\u00e4gen erforderlich ist. Ihre Daten werden nicht an Dritte weitergegeben oder gar verkauft. Es besteht keine Absicht, Ihre personenbezogenen Daten an einen Empf\u00e4nger in einem Drittland zu \u00fcbermitteln.<\/p>\n<p>Da innerhalb des Internetangebotes die M\u00f6glichkeit zur Eingabe pers\u00f6nlicher Daten (E-Mailadressen, Namen, Anschriften) besteht, erfolgt die Preisgabe dieser Daten seitens des Nutzers auf ausdr\u00fccklich freiwilliger Basis. Die Inanspruchnahme und Bezahlung aller Angebote ist auch ohne Angabe solcher Daten m\u00f6glich.<\/p>\n<p>Recht auf Auskunft, L\u00f6schung und Widerruf der Einwilligung<br \/>\n<!--StartFragment -->Soweit die Verarbeitung Ihrer Daten auf einer Einwilligung beruht (Rechtsgrundlage Art. 6(1) 1 a) DSGVO), haben Sie das Recht, die Einwilligung jederzeit zu widerrufen, ohne dass die Rechtm\u00e4\u00dfigkeit der aufgrund der Einwilligung bis zum Widerruf erfolgten Verarbeitung ber\u00fchrt wird. Gesetzliche Erlaubnistatbest\u00e4nde bleiben von einem Widerruf der Einwilligung unber\u00fchrt.<br \/>\nSie haben ein Beschwerderecht bei einer Datenschutz-Aufsichtsbeh\u00f6rde, etwa bei der f\u00fcr uns zust\u00e4ndigen Beh\u00f6rde: Der S\u00e4chsische Datenschutzbeauftragte, Dresden.<\/p>\n<p>Sie k\u00f6nnen jederzeit den Umfang der \u00fcber Sie gespeicherten Daten in Erfahrung bringen, die Berichtigung falscher Daten verlangen oder die Erg\u00e4nzung, Blockierung oder vollst\u00e4ndige L\u00f6schung Ihrer Daten bewirken. Ebenso k\u00f6nnen Sie die Einwilligung in bestimmte Nutzung Ihrer Daten jederzeit widerrufen.<\/p>\n<p>Widerspruchsrecht<br \/>\nSie k\u00f6nnen gegen die Verarbeitung Ihrer personenbezogenen Daten zu Werbezwecken jederzeit Widerspruch einlegen. Das gilt auch f\u00fcr eine darauf bezogene Evaluierung bestimmter Merkmale. Daneben besteht ein Widerspruchsrecht aus Gr\u00fcnden, die sich aus Ihrer besonderen Situation ergeben, gegen eine Verarbeitung zu sonstigen Zwecken, die aufgrund einer Interessenabw\u00e4gung erfolgt.<\/p>\n<h3><strong>Datenschutzhinweise:<\/strong><\/h3>\n<p>Verwendung von Social Plugins<br \/>\nUnser Internetauftritt verwendet <strong>keine<\/strong> Social Plugins. Trotzdem k\u00f6nnen wir nicht ausschlie\u00dfen, dass Facebook bei Ihrem Besuch unserer Seiten Daten \u00fcber Sie sammelt, wenn sie gleichzeitig bei Facebook angemeldet sind. Zweck und Umfang der Datenerhebung und die weitere Verarbeitung und Nutzung der Daten durch Facebook sowie Ihre diesbez\u00fcglichen Rechte und Einstellungsm\u00f6glichkeiten zum Schutz Ihrer Privatssph\u00e4re entnehmen Sie bitte den Datenschutzhinweisen von Facebook.<br \/>\nWenn Sie nicht m\u00f6chten, dass Facebook bei Ihrem Besuch unseres Internetauftritts Daten \u00fcber Sie sammelt, sollten Sie sich vorher bei Facebook ausloggen.<\/p>\n<p>Fotos und Bildberichte<br \/>\nDie Quellenangaben entnehmen Sie bitte den jeweiligen Seiten. Die Ver\u00f6ffentlichung auf der Homepage des CVJM Schneeberg-Neust\u00e4dtel e. V. erfolgt mit freundlicher Genehmigung der Autoren bzw. Herausgeber. Eine Vervielf\u00e4ltigung oder Verwendung dieser Fotos in anderen elektronischen oder gedruckten Publikationen ist ohne ausdr\u00fcckliche schriftliche Zustimmung nicht gestattet. Fotos und Grafiken, die den Beitr\u00e4gen fremder Anbieter beigef\u00fcgt sind, wurden uns mit deren freundlicher Genehmigung zur Ver\u00f6ffentlichung \u00fcbergeben.<\/p>\n<p>Copyright<br \/>\nDer CVJM Schneeberg-Neust\u00e4dtel e. V. ist bestrebt, in allen Publikationen die Urheberrechte der verwendeten Grafiken, Tondokumente, Videosequenzen und Texte zu beachten, von ihr selbst erstellte Grafiken, Tondokumente, Videosequenzen und Texte zu nutzen oder auf lizenzfreie Grafiken, Tondokumente, Videosequenzen und Texte zur\u00fcckzugreifen. Alle innerhalb des Internetangebotes genannten und ggf. durch Dritte gesch\u00fctzten Marken- und Warenzeichen unterliegen uneingeschr\u00e4nkt den Bestimmungen des jeweils g\u00fcltigen Kennzeichenrechts und den Besitzrechten der jeweiligen eingetragenen Eigent\u00fcmer. Allein aufgrund der blo\u00dfen Nennung ist nicht der Schluss zu ziehen, dass Markenzeichen nicht durch Rechte Dritter gesch\u00fctzt sind! Das Copyright f\u00fcr ver\u00f6ffentlichte, vom CVJM Schneeberg-Neust\u00e4dtel e. V.\u00a0 selbst erstellte Objekte bleibt allein bei den Autoren der Seiten. Eine Vervielf\u00e4ltigung oder Verwendung solcher Grafiken, Tondokumente, Videosequenzen und Texte in anderen elektronischen oder gedruckten Publikationen ist ohne ausdr\u00fcckliche Zustimmung des CVJM Schneeberg-Neust\u00e4dtel e. V. nicht gestattet.<\/p>\n<p>Stichtagsregelung<br \/>\nDa der Aufwand, von jedem bisherigen Empf\u00e4nger von Rundbriefen und Informationen eine Einwilligung einzuholen und diese entsprechend zu verarbeiten, unsere Gegebenheiten \u00fcbersteigt, haben wir uns bei unseren bestehenden Kontakten f\u00fcr eine Stichtagsregelung entschieden. Dies bedeutet: Bei allen Kontakten, die bis zum 24.05.2018 in unserer Datenbank hinterlegt sind, gehen wir von einem Einverst\u00e4ndnis aus. Ihr Widerspruchsrecht nehmen Sie bitte \u00fcber folgende Kontaktadresse wahr: gl@cvjm-sn.de.<br \/>\nWir m\u00f6chten Sie in diesem Zusammenhang ausdr\u00fccklich auf Ihre Rechte gem\u00e4\u00df DSGVO hinweisen:<br \/>\n&#8211; Gem\u00e4\u00df Art. 15 das Recht auf Auskunft der gespeicherten Daten<br \/>\n&#8211; Gem\u00e4\u00df Art. 16 das Recht auf Berichtigung, wenn Daten falsch oder unvollst\u00e4ndig gespeichert sind<br \/>\n&#8211; Gem\u00e4\u00df Art. 17 bzw. 18 das Recht auf L\u00f6schung bzw. Sperrung der Daten (Sollten wir Daten aufgrund von gesetzlichen Aufbewahrungsfristen nicht l\u00f6schen k\u00f6nnen, w\u00fcrden wir diese sperren.)<\/p>\n<p>Vereinbarung zur\u00a0 Auftragsverarbeitung<br \/>\nNach Art. 28 Abs. 3 Datenschutz-Grundverordnung (DSGVO) wurde mit dem Provider eine Vereinbarung zur Auftragsverarbeitung personenbezogener Daten abgeschlossen.<\/p>\n<p>&nbsp;<\/p>\n<p>&nbsp;<\/p>\n<p>&nbsp;<\/p>\n<p><!--StartFragment --><\/p>\n","protected":false},"excerpt":{"rendered":"<p>&gt;&gt;\u00a0Datenschutzerkl\u00e4rung &gt;&gt;\u00a0erg\u00e4nzende Datenschutzerkl\u00e4rung speziell f\u00fcr Huthausg\u00e4ste Verantwortlich f\u00fcr den Inhalt dieser Internetseite ist der Vorstand des CVJM Schneeberg-Neust\u00e4dtel e. V. Fundgrube Gesellschaft 3 08289 Schneeberg-Neust\u00e4dtel (V.i.S.d.P.: der Vorstand) Tel. (0 37 72) 2 18 15 E-Mail: vorstand(at)cvjm-sn.de Vereinsregister-Nr. 20414 Steuer-Nr. 218\/141\/05668 Gerichtsstand Chemnitz Inhaltlich Verantwortlicher gem\u00e4\u00df \u00a7 55 Abs. 2 RStV: der Vorstand Bankverbindung: IBAN: [&hellip;]<\/p>\n","protected":false},"author":1,"featured_media":0,"parent":0,"menu_order":0,"comment_status":"closed","ping_status":"closed","template":"","meta":{"footnotes":""},"class_list":["post-7","page","type-page","status-publish","hentry","gallery-content-unit"],"_links":{"self":[{"href":"https:\/\/verein.cvjm-sn.de\/index.php?rest_route=\/wp\/v2\/pages\/7","targetHints":{"allow":["GET"]}}],"collection":[{"href":"https:\/\/verein.cvjm-sn.de\/index.php?rest_route=\/wp\/v2\/pages"}],"about":[{"href":"https:\/\/verein.cvjm-sn.de\/index.php?rest_route=\/wp\/v2\/types\/page"}],"author":[{"embeddable":true,"href":"https:\/\/verein.cvjm-sn.de\/index.php?rest_route=\/wp\/v2\/users\/1"}],"replies":[{"embeddable":true,"href":"https:\/\/verein.cvjm-sn.de\/index.php?rest_route=%2Fwp%2Fv2%2Fcomments&post=7"}],"version-history":[{"count":26,"href":"https:\/\/verein.cvjm-sn.de\/index.php?rest_route=\/wp\/v2\/pages\/7\/revisions"}],"predecessor-version":[{"id":208,"href":"https:\/\/verein.cvjm-sn.de\/index.php?rest_route=\/wp\/v2\/pages\/7\/revisions\/208"}],"wp:attachment":[{"href":"https:\/\/verein.cvjm-sn.de\/index.php?rest_route=%2Fwp%2Fv2%2Fmedia&parent=7"}],"curies":[{"name":"wp","href":"https:\/\/api.w.org\/{rel}","templated":true}]}}