{"id":46,"date":"2018-06-11T08:38:07","date_gmt":"2018-06-11T08:38:07","guid":{"rendered":"http:\/\/verein.cvjm-sn.de\/?page_id=46"},"modified":"2022-07-22T16:00:10","modified_gmt":"2022-07-22T16:00:10","slug":"verein","status":"publish","type":"page","link":"https:\/\/verein.cvjm-sn.de\/","title":{"rendered":"Informationen"},"content":{"rendered":"<p style=\"text-align: center;\"><img loading=\"lazy\" decoding=\"async\" class=\"alignnone size-full wp-image-193\" src=\"https:\/\/verein.cvjm-sn.de\/wp-content\/uploads\/2019\/12\/175_Jahre1.jpg\" alt=\"\" width=\"790\" height=\"343\" srcset=\"https:\/\/verein.cvjm-sn.de\/wp-content\/uploads\/2019\/12\/175_Jahre1.jpg 790w, https:\/\/verein.cvjm-sn.de\/wp-content\/uploads\/2019\/12\/175_Jahre1-300x130.jpg 300w, https:\/\/verein.cvjm-sn.de\/wp-content\/uploads\/2019\/12\/175_Jahre1-768x333.jpg 768w, https:\/\/verein.cvjm-sn.de\/wp-content\/uploads\/2019\/12\/175_Jahre1-624x271.jpg 624w\" sizes=\"auto, (max-width: 790px) 100vw, 790px\" \/><\/p>\n<p><strong>Der CVJM Schneeberg-Neust\u00e4dtel e. V.<\/strong> ist wie jeder CVJM-Ortsverein rechtlich und in seiner Verantwortung eigenst\u00e4ndig. Alle CVJM-Mitglieder wissen sich aber untereinander eins in ihrem Engagement und gegenseitig getragen. Der CVJM Landesverband Sachsen (<a href=\"https:\/\/www.cvjm-sachsen.de\" target=\"_blank\" rel=\"noopener\">www.cvjm-sachsen.de<\/a>) ber\u00e4t die Ortsvereine und gew\u00e4hrt Unterst\u00fctzung bei auftretenden Problemen. Der CVJM Gesamtverband (<a href=\"https:\/\/www.cvjm.de\/\" target=\"_blank\" rel=\"noopener\">www.cvjm.de<\/a>) koordiniert die Arbeit im gesamten Bundesgebiet, gibt wertvolle Impulse und setzt Zeichen.<\/p>\n<blockquote><p>&gt;&gt;\u00a0<a href=\"https:\/\/verein.cvjm-sn.de\/wp-content\/uploads\/2022\/07\/2020CVJM-Leitlinien-1.pdf\" target=\"_blank\" rel=\"noopener\">CVJM &#8211; Leitlinien<\/a><br \/>\n(Quelle: CVJM-Gesamtverband in Deutschland e. V.)<br \/>\n&gt;\u00a0<a href=\"https:\/\/cvjm-sn.de\/WP_Dokumente\/CVJM_auf_einen_Blick.pdf\" target=\"_blank\" rel=\"noopener\">\u00a0CVJM &#8211; auf einen Blick<\/a><br \/>\n(Quelle: CVJM-Gesamtverband in Deutschland e. V.)<\/p><\/blockquote>\n<h2><span style=\"color: #ff0000;\"><strong>Gemeinsame Basis aller CVJM\u00b4s:<\/strong><\/span><\/h2>\n<p>&#8222;Die Christlichen Vereine Junger Menschen haben den Zweck, solche jungen Menschen miteinander zu verbinden, welche Jesus Christus nach der Heiligen Schrift als ihren Gott und Heiland anerkennen, in ihrem Glauben und Leben seine J\u00fcnger sein und gemeinsam danach trachten wollen, das Reich ihres Meisters unter jungen Menschen auszubreiten. Keine an sich noch so wichtigen Meinungsverschiedenheiten \u00fcber Angelegenheiten, die diesem Zweck fremd sind, sollten die Eintracht br\u00fcderlicher Beziehungen unter den nationalen Mitgliedsverb\u00e4nden des Weltbundes st\u00f6ren.&#8220;<br \/>\n(Paris, 1855)<br \/>\nDie CVJM sind als eine Vereinigung junger M\u00e4nner entstanden. Heute steht die Mitgliedschaft allen offen. M\u00e4nner und Frauen, Jungen und M\u00e4dchen aus allen V\u00f6lkern, Konfessionen und sozialen Schichten bilden die weltweite Gemeinschaft im CVJM.<br \/>\n<img loading=\"lazy\" decoding=\"async\" class=\"aligncenter wp-image-127 size-full\" src=\"http:\/\/verein.cvjm-sn.de\/wp-content\/uploads\/2018\/08\/Pariser-Basis-sepia-web.jpg\" alt=\"\" width=\"281\" height=\"384\" srcset=\"https:\/\/verein.cvjm-sn.de\/wp-content\/uploads\/2018\/08\/Pariser-Basis-sepia-web.jpg 281w, https:\/\/verein.cvjm-sn.de\/wp-content\/uploads\/2018\/08\/Pariser-Basis-sepia-web-220x300.jpg 220w\" sizes=\"auto, (max-width: 281px) 100vw, 281px\" \/><\/p>\n<p>&nbsp;<\/p>\n","protected":false},"excerpt":{"rendered":"<p>Der CVJM Schneeberg-Neust\u00e4dtel e. V. ist wie jeder CVJM-Ortsverein rechtlich und in seiner Verantwortung eigenst\u00e4ndig. Alle CVJM-Mitglieder wissen sich aber untereinander eins in ihrem Engagement und gegenseitig getragen. Der CVJM Landesverband Sachsen (www.cvjm-sachsen.de) ber\u00e4t die Ortsvereine und gew\u00e4hrt Unterst\u00fctzung bei auftretenden Problemen. Der CVJM Gesamtverband (www.cvjm.de) koordiniert die Arbeit im gesamten Bundesgebiet, gibt wertvolle Impulse [&hellip;]<\/p>\n","protected":false},"author":1,"featured_media":0,"parent":0,"menu_order":0,"comment_status":"closed","ping_status":"closed","template":"","meta":{"footnotes":""},"class_list":["post-46","page","type-page","status-publish","hentry","gallery-content-unit"],"_links":{"self":[{"href":"https:\/\/verein.cvjm-sn.de\/index.php?rest_route=\/wp\/v2\/pages\/46","targetHints":{"allow":["GET"]}}],"collection":[{"href":"https:\/\/verein.cvjm-sn.de\/index.php?rest_route=\/wp\/v2\/pages"}],"about":[{"href":"https:\/\/verein.cvjm-sn.de\/index.php?rest_route=\/wp\/v2\/types\/page"}],"author":[{"embeddable":true,"href":"https:\/\/verein.cvjm-sn.de\/index.php?rest_route=\/wp\/v2\/users\/1"}],"replies":[{"embeddable":true,"href":"https:\/\/verein.cvjm-sn.de\/index.php?rest_route=%2Fwp%2Fv2%2Fcomments&post=46"}],"version-history":[{"count":37,"href":"https:\/\/verein.cvjm-sn.de\/index.php?rest_route=\/wp\/v2\/pages\/46\/revisions"}],"predecessor-version":[{"id":218,"href":"https:\/\/verein.cvjm-sn.de\/index.php?rest_route=\/wp\/v2\/pages\/46\/revisions\/218"}],"wp:attachment":[{"href":"https:\/\/verein.cvjm-sn.de\/index.php?rest_route=%2Fwp%2Fv2%2Fmedia&parent=46"}],"curies":[{"name":"wp","href":"https:\/\/api.w.org\/{rel}","templated":true}]}}